{"id":175,"date":"2017-11-22T16:06:55","date_gmt":"2017-11-22T16:06:55","guid":{"rendered":"http:\/\/casamayorwines.cl\/es\/our-wines\/"},"modified":"2019-03-27T14:50:22","modified_gmt":"2019-03-27T14:50:22","slug":"nuestros-vinos","status":"publish","type":"page","link":"https:\/\/casamayorwines.cl\/es\/nuestros-vinos\/","title":{"rendered":"Nuestros Vinos"},"content":{"rendered":"<p class=\"h4\">El 100% de las uvas de Casa Mayor Wines proviene de nuestros propios vi\u00f1edos, desde las faldas de los Andes hasta la costa del Valle de Colchagua. Estas vi\u00f1as producen fruta pura y fresca, taninos suaves y una sensaci\u00f3n de placer.<\/p>\n<h3>Filosof\u00eda<\/h3>\n<ul class=\"h4\">\n<li>Limpio, fresco, fruta pura.<\/li>\n<li>Verdaderas caracter\u00edsticas varietales.<\/li>\n<li>Grandes vinos para beber.<\/li>\n<li>Valor por calidad-dinero en todos los precios.<\/li>\n<\/ul>\n","protected":false},"excerpt":{"rendered":"<p>El 100% de las uvas de Casa Mayor Wines proviene de nuestros propios vi\u00f1edos, desde las faldas de los Andes hasta la costa del Valle de Colchagua. Estas vi\u00f1as producen fruta pura y fresca, taninos &#8230; <a class=\"read-more\" href=\"https:\/\/casamayorwines.cl\/es\/nuestros-vinos\/\">Leer m\u00e1s<\/a><\/p>\n","protected":false},"author":2,"featured_media":217,"parent":0,"menu_order":0,"comment_status":"closed","ping_status":"closed","template":"nuestros-vinos.php","meta":[],"_links":{"self":[{"href":"https:\/\/casamayorwines.cl\/es\/wp-json\/wp\/v2\/pages\/175"}],"collection":[{"href":"https:\/\/casamayorwines.cl\/es\/wp-json\/wp\/v2\/pages"}],"about":[{"href":"https:\/\/casamayorwines.cl\/es\/wp-json\/wp\/v2\/types\/page"}],"author":[{"embeddable":true,"href":"https:\/\/casamayorwines.cl\/es\/wp-json\/wp\/v2\/users\/2"}],"replies":[{"embeddable":true,"href":"https:\/\/casamayorwines.cl\/es\/wp-json\/wp\/v2\/comments?post=175"}],"version-history":[{"count":2,"href":"https:\/\/casamayorwines.cl\/es\/wp-json\/wp\/v2\/pages\/175\/revisions"}],"predecessor-version":[{"id":387,"href":"https:\/\/casamayorwines.cl\/es\/wp-json\/wp\/v2\/pages\/175\/revisions\/387"}],"wp:featuredmedia":[{"embeddable":true,"href":"https:\/\/casamayorwines.cl\/es\/wp-json\/wp\/v2\/media\/217"}],"wp:attachment":[{"href":"https:\/\/casamayorwines.cl\/es\/wp-json\/wp\/v2\/media?parent=175"}],"curies":[{"name":"wp","href":"https:\/\/api.w.org\/{rel}","templated":true}]}}