{"id":172,"date":"2017-11-22T14:24:30","date_gmt":"2017-11-22T14:24:30","guid":{"rendered":"http:\/\/casamayorwines.cl\/es\/our-valley\/"},"modified":"2019-03-27T14:44:52","modified_gmt":"2019-03-27T14:44:52","slug":"nuestro-valle","status":"publish","type":"page","link":"https:\/\/casamayorwines.cl\/es\/nuestro-valle\/","title":{"rendered":"Nuestro Valle"},"content":{"rendered":"<h1><strong>Valle de Colchagua<\/strong><\/h1>\n<div class=\"h5\">Colchagua es un Valle transversal, situado en la zona central del Chile, nace a los pies de la Cordillera de Los Andes y se extiende hasta la Costa Fr\u00eda del Oc\u00e9ano Pacifico, esto ofrece una gran diversidad de climas y suelos.<br \/>\nLos vinos Casa Mayor son elaborados con uvas seleccionadas, provenientes de distintos vi\u00f1edos propios ubicados estrat\u00e9gicamente en el Valle, lo que nos permiten alcanzar la mejor expresi\u00f3n frutal en cada una de las variedades para lograr vinos de excelente calidad.<br \/>\nPremiado como la Mejor Regi\u00f3n Vitivin\u00edcola del Mundo en el a\u00f1o 2005, por la prestigiada revista Wine Enthusiast, el Valle de Colchagua es el Origen de los mejores vinos Chilenos.<\/div>\n","protected":false},"excerpt":{"rendered":"<p>Valle de Colchagua Colchagua es un Valle transversal, situado en la zona central del Chile, nace a los pies de la Cordillera de Los Andes y se extiende hasta la Costa Fr\u00eda del Oc\u00e9ano Pacifico, &#8230; <a class=\"read-more\" href=\"https:\/\/casamayorwines.cl\/es\/nuestro-valle\/\">Leer m\u00e1s<\/a><\/p>\n","protected":false},"author":2,"featured_media":110,"parent":0,"menu_order":0,"comment_status":"closed","ping_status":"closed","template":"nuestro-valle.php","meta":[],"_links":{"self":[{"href":"https:\/\/casamayorwines.cl\/es\/wp-json\/wp\/v2\/pages\/172"}],"collection":[{"href":"https:\/\/casamayorwines.cl\/es\/wp-json\/wp\/v2\/pages"}],"about":[{"href":"https:\/\/casamayorwines.cl\/es\/wp-json\/wp\/v2\/types\/page"}],"author":[{"embeddable":true,"href":"https:\/\/casamayorwines.cl\/es\/wp-json\/wp\/v2\/users\/2"}],"replies":[{"embeddable":true,"href":"https:\/\/casamayorwines.cl\/es\/wp-json\/wp\/v2\/comments?post=172"}],"version-history":[{"count":5,"href":"https:\/\/casamayorwines.cl\/es\/wp-json\/wp\/v2\/pages\/172\/revisions"}],"predecessor-version":[{"id":288,"href":"https:\/\/casamayorwines.cl\/es\/wp-json\/wp\/v2\/pages\/172\/revisions\/288"}],"wp:featuredmedia":[{"embeddable":true,"href":"https:\/\/casamayorwines.cl\/es\/wp-json\/wp\/v2\/media\/110"}],"wp:attachment":[{"href":"https:\/\/casamayorwines.cl\/es\/wp-json\/wp\/v2\/media?parent=172"}],"curies":[{"name":"wp","href":"https:\/\/api.w.org\/{rel}","templated":true}]}}