{"id":168,"date":"2017-11-20T19:14:14","date_gmt":"2017-11-20T19:14:14","guid":{"rendered":"http:\/\/casamayorwines.cl\/history\/?lang=es"},"modified":"2019-03-27T14:43:39","modified_gmt":"2019-03-27T14:43:39","slug":"historia","status":"publish","type":"page","link":"https:\/\/casamayorwines.cl\/es\/historia\/","title":{"rendered":"Historia"},"content":{"rendered":"<div class=\"h4\">\n<p>Casa Mayor era llamado el selecto grupo de Guerreros y Cazadores Onas o\u00a0\u00a0Selk\u2019nam, Tribu que habit\u00f3 Tierra del Fuego en la Patagonia Chilena, el lugar m\u00e1s Austral del mundo.<br \/>\nPara ser miembros de la Casa Mayor los j\u00f3venes de la Tribu deb\u00edan someterse a un ritual de iniciaci\u00f3n o ceremonial del <em>hain<\/em> donde deb\u00edan demostrar su valent\u00eda, bravura, habilidades para cazar, combatir y especialmente a dominar el Fuego.<br \/>\nNuestros vinos Casa Mayor son producidos con una selecci\u00f3n de las mejores uvas del Valle de Colchagua en tributo a estos incre\u00edbles hombres de Fuego.<\/p>\n<\/div>\n","protected":false},"excerpt":{"rendered":"<p>Casa Mayor era llamado el selecto grupo de Guerreros y Cazadores Onas o\u00a0\u00a0Selk\u2019nam, Tribu que habit\u00f3 Tierra del Fuego en la Patagonia Chilena, el lugar m\u00e1s Austral del mundo. Para ser miembros de la Casa &#8230; <a class=\"read-more\" href=\"https:\/\/casamayorwines.cl\/es\/historia\/\">Leer m\u00e1s<\/a><\/p>\n","protected":false},"author":2,"featured_media":151,"parent":0,"menu_order":0,"comment_status":"closed","ping_status":"closed","template":"historia.php","meta":[],"_links":{"self":[{"href":"https:\/\/casamayorwines.cl\/es\/wp-json\/wp\/v2\/pages\/168"}],"collection":[{"href":"https:\/\/casamayorwines.cl\/es\/wp-json\/wp\/v2\/pages"}],"about":[{"href":"https:\/\/casamayorwines.cl\/es\/wp-json\/wp\/v2\/types\/page"}],"author":[{"embeddable":true,"href":"https:\/\/casamayorwines.cl\/es\/wp-json\/wp\/v2\/users\/2"}],"replies":[{"embeddable":true,"href":"https:\/\/casamayorwines.cl\/es\/wp-json\/wp\/v2\/comments?post=168"}],"version-history":[{"count":6,"href":"https:\/\/casamayorwines.cl\/es\/wp-json\/wp\/v2\/pages\/168\/revisions"}],"predecessor-version":[{"id":281,"href":"https:\/\/casamayorwines.cl\/es\/wp-json\/wp\/v2\/pages\/168\/revisions\/281"}],"wp:featuredmedia":[{"embeddable":true,"href":"https:\/\/casamayorwines.cl\/es\/wp-json\/wp\/v2\/media\/151"}],"wp:attachment":[{"href":"https:\/\/casamayorwines.cl\/es\/wp-json\/wp\/v2\/media?parent=168"}],"curies":[{"name":"wp","href":"https:\/\/api.w.org\/{rel}","templated":true}]}}